{"id":207,"date":"2021-03-09T12:26:57","date_gmt":"2021-03-09T11:26:57","guid":{"rendered":"http:\/\/wildwellnessparty.com\/impressum\/"},"modified":"2021-11-18T20:38:27","modified_gmt":"2021-11-18T19:38:27","slug":"impressum","status":"publish","type":"page","link":"https:\/\/wildwellnessparty.com\/en\/impressum\/","title":{"rendered":"Impressum"},"content":{"rendered":"<p><strong>Besinnbar<\/strong><\/p><p>Inh. Isa Krieger<br>St.-Martin-Stra\u00dfe 14<br>82433 Bad Kohlgrub<\/p><p>E-Mail: namaste@besinnbar.de<\/p><p>Vertretungsberechtigter Gesch\u00e4ftsf\u00fchrerin:&nbsp;Isa Krieger<br>USt-ID: DE340915101<\/p><p><strong>WICHTIGER HINWEIS:<\/strong>&nbsp;Wir bieten keinen Telefonsupport an. F\u00fcr Fragen zu unseren Produkten, nutze bitte unser&nbsp;<a href=\"https:\/\/marketpress.de\/kontakt\/\">Kontaktformular<\/a>.<\/p><p>Inhaltlich verantwortlich: Isa Krieger (Anschrift wie oben)<\/p><p><strong>Das Impressum gilt auch f\u00fcr folgende Social Media Profile:<\/strong><br>Facebook:&nbsp;<a rel=\"noreferrer noopener\" href=\"https:\/\/www.facebook.com\/marketpressde\" target=\"_blank\">https:\/\/www.facebook.com\/besinnbar<\/a><br>Instagram:&nbsp;<a rel=\"noreferrer noopener\" href=\"http:\/\/twitter.com\/MarketPressCOM\" target=\"_blank\">http:\/\/instagram.com\/besinnbar<\/a><\/p><p><strong>Plattform der Europ\u00e4ischen Kommission zur Online-Streitbeilegung (OS) f\u00fcr Verbraucher:<\/strong>&nbsp;<a href=\"https:\/\/ec.europa.eu\/consumers\/odr\/\" target=\"_blank\" rel=\"noreferrer noopener\">https:\/\/ec.europa.eu\/consumers\/odr\/<\/a>. Wir sind nicht bereit und nicht verpflichtet an einem Streitbeilegungsverfahren vor einer Verbraucherschlichtungsstelle teilzunehmen.<\/p>","protected":false},"excerpt":{"rendered":"<p>Besinnbar Inh. Isa KriegerSt.-Martin-Stra\u00dfe 1482433 Bad Kohlgrub E-Mail: namaste@besinnbar.de Vertretungsberechtigter Gesch\u00e4ftsf\u00fchrerin:&nbsp;Isa KriegerUSt-ID: DE340915101 WICHTIGER HINWEIS:&nbsp;Wir bieten keinen Telefonsupport an. F\u00fcr Fragen zu unseren Produkten, nutze bitte unser&nbsp;Kontaktformular. Inhaltlich verantwortlich: Isa [&hellip;]<\/p>\n","protected":false},"author":1,"featured_media":0,"parent":0,"menu_order":0,"comment_status":"closed","ping_status":"closed","template":"","meta":{"footnotes":""},"class_list":["post-207","page","type-page","status-publish","hentry"],"jetpack_sharing_enabled":true,"_links":{"self":[{"href":"https:\/\/wildwellnessparty.com\/en\/wp-json\/wp\/v2\/pages\/207","targetHints":{"allow":["GET"]}}],"collection":[{"href":"https:\/\/wildwellnessparty.com\/en\/wp-json\/wp\/v2\/pages"}],"about":[{"href":"https:\/\/wildwellnessparty.com\/en\/wp-json\/wp\/v2\/types\/page"}],"author":[{"embeddable":true,"href":"https:\/\/wildwellnessparty.com\/en\/wp-json\/wp\/v2\/users\/1"}],"replies":[{"embeddable":true,"href":"https:\/\/wildwellnessparty.com\/en\/wp-json\/wp\/v2\/comments?post=207"}],"version-history":[{"count":4,"href":"https:\/\/wildwellnessparty.com\/en\/wp-json\/wp\/v2\/pages\/207\/revisions"}],"predecessor-version":[{"id":584,"href":"https:\/\/wildwellnessparty.com\/en\/wp-json\/wp\/v2\/pages\/207\/revisions\/584"}],"wp:attachment":[{"href":"https:\/\/wildwellnessparty.com\/en\/wp-json\/wp\/v2\/media?parent=207"}],"curies":[{"name":"wp","href":"https:\/\/api.w.org\/{rel}","templated":true}]}}