{"id":239,"date":"2021-03-17T10:43:08","date_gmt":"2021-03-17T09:43:08","guid":{"rendered":"https:\/\/wildwellnessparty.com\/versand__lieferung\/"},"modified":"2021-04-21T13:19:46","modified_gmt":"2021-04-21T11:19:46","slug":"versand__lieferung","status":"publish","type":"page","link":"https:\/\/wildwellnessparty.com\/en\/versand__lieferung\/","title":{"rendered":"Versand &#038; Lieferung"},"content":{"rendered":"<p><strong>Preise, Versandkosten und Lieferinformationen<\/strong><\/p>\n<p>Die angegebenen Preise sind Endpreise zzgl. Versandkosten. Gem\u00e4\u00df \u00a7 19 UStG erheben wir keine Umsatzsteuer und weisen diese folglich auch nicht aus (Kleinunternehmerstatus)\u201c von N\u00f6ten<\/p>\n<p>Wir liefern nur innerhalb Deutschlands.<\/p>\n<p>Zus\u00e4tzlich zu den angegebenen Preisen berechnen wir f\u00fcr die Lieferung innerhalb Deutschlands pauschal [2 Euro pro Bestellung]. Die Versandkosten werden Ihnen im Warenkorbsystem und auf der Bestellseite nochmals deutlich mitgeteilt.<\/p>\n<p>F\u00fcr digitale Inhalte (E-Books, Software, etc.) sowie Online-Veranstaltungen fallen keine Versandkosten an.<\/p>\n<p>Die Versandkostenpauschale betr\u00e4gt 2 Euro. Die Versandkostenpauschale enth\u00e4lt die gesetzliche Mehrwertsteuer. Da die Mehrwertsteuer auf die Versandkostenpauschale abh\u00e4ngig von den erworbenen Waren berechnet wird, kann sie sich mindern, wenn Waren zu niedrigeren Umsatzsteuers\u00e4tzen erworben werden (z.B. bei Erwerb von B\u00fcchern). Das bedeutet, dass die Versandkostenpauschale erst im Rahmen des Bestellprozesses endg\u00fcltig berechnet werden kann. Sie kann dabei jedoch nicht h\u00f6her, sondern nur zu Ihren Gunsten niedriger werden.<\/p>\n","protected":false},"excerpt":{"rendered":"<p>Preise, Versandkosten und Lieferinformationen Die angegebenen Preise sind Endpreise zzgl. Versandkosten. Gem\u00e4\u00df \u00a7 19 UStG erheben wir keine Umsatzsteuer und weisen diese folglich auch nicht aus (Kleinunternehmerstatus)\u201c von N\u00f6ten Wir [&hellip;]<\/p>\n","protected":false},"author":1,"featured_media":0,"parent":0,"menu_order":0,"comment_status":"closed","ping_status":"closed","template":"","meta":{"footnotes":""},"class_list":["post-239","page","type-page","status-publish","hentry"],"jetpack_sharing_enabled":true,"_links":{"self":[{"href":"https:\/\/wildwellnessparty.com\/en\/wp-json\/wp\/v2\/pages\/239","targetHints":{"allow":["GET"]}}],"collection":[{"href":"https:\/\/wildwellnessparty.com\/en\/wp-json\/wp\/v2\/pages"}],"about":[{"href":"https:\/\/wildwellnessparty.com\/en\/wp-json\/wp\/v2\/types\/page"}],"author":[{"embeddable":true,"href":"https:\/\/wildwellnessparty.com\/en\/wp-json\/wp\/v2\/users\/1"}],"replies":[{"embeddable":true,"href":"https:\/\/wildwellnessparty.com\/en\/wp-json\/wp\/v2\/comments?post=239"}],"version-history":[{"count":1,"href":"https:\/\/wildwellnessparty.com\/en\/wp-json\/wp\/v2\/pages\/239\/revisions"}],"predecessor-version":[{"id":322,"href":"https:\/\/wildwellnessparty.com\/en\/wp-json\/wp\/v2\/pages\/239\/revisions\/322"}],"wp:attachment":[{"href":"https:\/\/wildwellnessparty.com\/en\/wp-json\/wp\/v2\/media?parent=239"}],"curies":[{"name":"wp","href":"https:\/\/api.w.org\/{rel}","templated":true}]}}