{"id":559,"date":"2021-06-07T17:57:14","date_gmt":"2021-06-07T15:57:14","guid":{"rendered":"https:\/\/wildwellnessparty.com\/?post_type=product&#038;p=559"},"modified":"2023-11-21T18:13:38","modified_gmt":"2023-11-21T17:13:38","slug":"wild-wellness-beutel","status":"publish","type":"product","link":"https:\/\/wildwellnessparty.com\/en\/product\/wild-wellness-beutel\/","title":{"rendered":"Wild Wellness Beutel"},"content":{"rendered":"<p>Das Wild Wellness Gedicht ist die Erinnerung, deine innere Wildnis nach drau\u00dfen zu tragen. Der Wild Wellness Beutel begleitet dich durch den Alltag. Ideal f\u00fcr deine Eink\u00e4ufe, den Trip an deinen Lieblingsort oder den Besuch im Yoga Studio. Die Yogamatte passt auch hinein.<\/p>\n<p>Der Wild Wellness Beutel ist so tough wie du und aus besonders robust gewebt. 14 Liter kannst du darin auf 38cm x 42cm verstauen.\u00a0 Die Henkel haben eine L\u00e4nge von 70 cm und sind 2,5cm breit, pretty comfy auf deiner sch\u00f6nen Schulter.<\/p>\n<p>&nbsp;<\/p>","protected":false},"excerpt":{"rendered":"<p>Das Wild Wellness Gedicht ist die Erinnerung, deine innere Wildnis nach drau\u00dfen zu tragen. Der Wild Wellness Beutel begleitet dich durch den Alltag. Ideal f\u00fcr deine Eink\u00e4ufe, den Trip an deinen Lieblingsort oder den Besuch im Yoga Studio. Die Yogamatte passt auch hinein.<\/p>\n<p>Der Wild Wellness Beutel ist so tough wie du und aus besonders robust gewebt. 14 Liter kannst du darin auf 38cm x 42cm verstauen.\u00a0 Die Henkel haben eine L\u00e4nge von 70 cm und sind 2,5cm breit, pretty comfy auf deiner sch\u00f6nen Schulter.<\/p>","protected":false},"featured_media":648,"template":"","meta":[],"product_brand":[],"product_cat":[15],"product_tag":[],"class_list":{"0":"post-559","1":"product","2":"type-product","3":"status-publish","4":"has-post-thumbnail","6":"product_cat-unkategorisiert","8":"first","9":"instock","10":"shipping-taxable","11":"purchasable","12":"product-type-simple"},"jetpack_sharing_enabled":true,"_links":{"self":[{"href":"https:\/\/wildwellnessparty.com\/en\/wp-json\/wp\/v2\/product\/559","targetHints":{"allow":["GET"]}}],"collection":[{"href":"https:\/\/wildwellnessparty.com\/en\/wp-json\/wp\/v2\/product"}],"about":[{"href":"https:\/\/wildwellnessparty.com\/en\/wp-json\/wp\/v2\/types\/product"}],"wp:featuredmedia":[{"embeddable":true,"href":"https:\/\/wildwellnessparty.com\/en\/wp-json\/wp\/v2\/media\/648"}],"wp:attachment":[{"href":"https:\/\/wildwellnessparty.com\/en\/wp-json\/wp\/v2\/media?parent=559"}],"wp:term":[{"taxonomy":"product_brand","embeddable":true,"href":"https:\/\/wildwellnessparty.com\/en\/wp-json\/wp\/v2\/product_brand?post=559"},{"taxonomy":"product_cat","embeddable":true,"href":"https:\/\/wildwellnessparty.com\/en\/wp-json\/wp\/v2\/product_cat?post=559"},{"taxonomy":"product_tag","embeddable":true,"href":"https:\/\/wildwellnessparty.com\/en\/wp-json\/wp\/v2\/product_tag?post=559"}],"curies":[{"name":"wp","href":"https:\/\/api.w.org\/{rel}","templated":true}]}}